{"id":135,"date":"2024-06-11T18:16:14","date_gmt":"2024-06-11T21:16:14","guid":{"rendered":"https:\/\/milenapagliacci.com\/?page_id=135"},"modified":"2024-11-12T10:24:53","modified_gmt":"2024-11-12T13:24:53","slug":"ilustracoes-200","status":"publish","type":"page","link":"https:\/\/milenapagliacci.com\/index.php\/ilustracoes-200\/","title":{"rendered":"Ilustra\u00e7\u00f5es 200"},"content":{"rendered":"<p>[et_pb_section fb_built=&#8221;1&#8243; prev_background_color=&#8221;#ffffff&#8221; _builder_version=&#8221;4.24.2&#8243; _module_preset=&#8221;default&#8221; background_color=&#8221;#f4f4f4&#8243; top_divider_style=&#8221;waves2&#8243; bottom_divider_style=&#8221;waves2&#8243; bottom_divider_color=&#8221;#FFFFFF&#8221; global_colors_info=&#8221;{}&#8221;][et_pb_row _builder_version=&#8221;4.24.2&#8243; _module_preset=&#8221;default&#8221; custom_margin=&#8221;60px||0px||false|false&#8221; global_colors_info=&#8221;{}&#8221;][et_pb_column type=&#8221;4_4&#8243; _builder_version=&#8221;4.24.2&#8243; _module_preset=&#8221;default&#8221; global_colors_info=&#8221;{}&#8221;][et_pb_text _builder_version=&#8221;4.24.2&#8243; _module_preset=&#8221;_initial&#8221; text_font=&#8221;Englebert|800||on|||||&#8221; text_text_color=&#8221;#E02B20&#8243; text_font_size=&#8221;61px&#8221; header_2_font=&#8221;Rozha One||||||||&#8221; header_2_text_color=&#8221;#003e51&#8243; header_2_font_size=&#8221;62px&#8221; header_2_line_height=&#8221;1.1em&#8221; text_orientation=&#8221;center&#8221; max_width=&#8221;800px&#8221; module_alignment=&#8221;center&#8221; text_line_height_tablet=&#8221;&#8221; text_line_height_phone=&#8221;1.1em&#8221; text_line_height_last_edited=&#8221;on|phone&#8221; header_2_font_size_tablet=&#8221;34px&#8221; header_2_font_size_phone=&#8221;24px&#8221; header_2_font_size_last_edited=&#8221;on|phone&#8221; text_text_shadow_style=&#8221;preset5&#8243; text_text_shadow_horizontal_length=&#8221;-0.04em&#8221; text_text_shadow_vertical_length=&#8221;-0.04em&#8221; text_text_shadow_color=&#8221;#000000&#8243; locked=&#8221;off&#8221; global_colors_info=&#8221;{}&#8221;]<\/p>\n<p>Ilustra\u00e7\u00f5es<\/p>\n<p>[\/et_pb_text][\/et_pb_column][\/et_pb_row][et_pb_row column_structure=&#8221;1_3,1_3,1_3&#8243; use_custom_gutter=&#8221;on&#8221; gutter_width=&#8221;1&#8243; _builder_version=&#8221;4.24.2&#8243; _module_preset=&#8221;default&#8221; custom_margin=&#8221;||0px||false|false&#8221; global_colors_info=&#8221;{}&#8221;][et_pb_column type=&#8221;1_3&#8243; _builder_version=&#8221;4.24.2&#8243; _module_preset=&#8221;default&#8221; global_colors_info=&#8221;{}&#8221;][et_pb_image src=&#8221;https:\/\/milenapagliacci.com\/wp-content\/uploads\/2024\/06\/04a8e93fe17-1-min.png&#8221; show_in_lightbox=&#8221;on&#8221; _builder_version=&#8221;4.24.2&#8243; _module_preset=&#8221;default&#8221; global_colors_info=&#8221;{}&#8221;][\/et_pb_image][\/et_pb_column][et_pb_column type=&#8221;1_3&#8243; _builder_version=&#8221;4.24.2&#8243; _module_preset=&#8221;default&#8221; global_colors_info=&#8221;{}&#8221;][et_pb_image src=&#8221;https:\/\/milenapagliacci.com\/wp-content\/uploads\/2024\/06\/wc@ryHrJb-1.png&#8221; show_in_lightbox=&#8221;on&#8221; _builder_version=&#8221;4.24.2&#8243; _module_preset=&#8221;default&#8221; transform_translate=&#8221;0px|-15px&#8221; transform_translate_linked=&#8221;off&#8221; global_colors_info=&#8221;{}&#8221;][\/et_pb_image][\/et_pb_column][et_pb_column type=&#8221;1_3&#8243; _builder_version=&#8221;4.24.2&#8243; _module_preset=&#8221;default&#8221; global_colors_info=&#8221;{}&#8221;][et_pb_image src=&#8221;https:\/\/milenapagliacci.com\/wp-content\/uploads\/2024\/06\/04a8e93fe17-min.png&#8221; show_in_lightbox=&#8221;on&#8221; _builder_version=&#8221;4.24.2&#8243; _module_preset=&#8221;default&#8221; global_colors_info=&#8221;{}&#8221;][\/et_pb_image][\/et_pb_column][\/et_pb_row][\/et_pb_section]<\/p>\n","protected":false},"excerpt":{"rendered":"<p>Ilustra\u00e7\u00f5es<\/p>\n","protected":false},"author":1,"featured_media":0,"parent":0,"menu_order":0,"comment_status":"closed","ping_status":"closed","template":"","meta":{"_et_pb_use_builder":"on","_et_pb_old_content":"","_et_gb_content_width":"","footnotes":""},"class_list":["post-135","page","type-page","status-publish","hentry"],"yoast_head":"<!-- This site is optimized with the Yoast SEO plugin v27.1.1 - https:\/\/yoast.com\/product\/yoast-seo-wordpress\/ -->\n<title>Ilustra\u00e7\u00f5es 200 - Meu site<\/title>\n<meta name=\"robots\" content=\"index, follow, max-snippet:-1, max-image-preview:large, max-video-preview:-1\" \/>\n<link rel=\"canonical\" href=\"https:\/\/milenapagliacci.com\/index.php\/ilustracoes-200\/\" \/>\n<meta property=\"og:locale\" content=\"en_US\" \/>\n<meta property=\"og:type\" content=\"article\" \/>\n<meta property=\"og:title\" content=\"Ilustra\u00e7\u00f5es 200 - Meu site\" \/>\n<meta property=\"og:description\" content=\"Ilustra\u00e7\u00f5es\" \/>\n<meta property=\"og:url\" content=\"https:\/\/milenapagliacci.com\/index.php\/ilustracoes-200\/\" \/>\n<meta property=\"og:site_name\" content=\"Meu site\" \/>\n<meta property=\"article:modified_time\" content=\"2024-11-12T13:24:53+00:00\" \/>\n<meta name=\"twitter:card\" content=\"summary_large_image\" \/>\n<meta name=\"twitter:label1\" content=\"Est. reading time\" \/>\n\t<meta name=\"twitter:data1\" content=\"1 minute\" \/>\n<script type=\"application\/ld+json\" class=\"yoast-schema-graph\">{\"@context\":\"https:\/\/schema.org\",\"@graph\":[{\"@type\":\"WebPage\",\"@id\":\"https:\/\/milenapagliacci.com\/index.php\/ilustracoes-200\/\",\"url\":\"https:\/\/milenapagliacci.com\/index.php\/ilustracoes-200\/\",\"name\":\"Ilustra\u00e7\u00f5es 200 - Meu site\",\"isPartOf\":{\"@id\":\"https:\/\/milenapagliacci.com\/#website\"},\"datePublished\":\"2024-06-11T21:16:14+00:00\",\"dateModified\":\"2024-11-12T13:24:53+00:00\",\"breadcrumb\":{\"@id\":\"https:\/\/milenapagliacci.com\/index.php\/ilustracoes-200\/#breadcrumb\"},\"inLanguage\":\"en-US\",\"potentialAction\":[{\"@type\":\"ReadAction\",\"target\":[\"https:\/\/milenapagliacci.com\/index.php\/ilustracoes-200\/\"]}]},{\"@type\":\"BreadcrumbList\",\"@id\":\"https:\/\/milenapagliacci.com\/index.php\/ilustracoes-200\/#breadcrumb\",\"itemListElement\":[{\"@type\":\"ListItem\",\"position\":1,\"name\":\"In\u00edcio\",\"item\":\"https:\/\/milenapagliacci.com\/\"},{\"@type\":\"ListItem\",\"position\":2,\"name\":\"Ilustra\u00e7\u00f5es 200\"}]},{\"@type\":\"WebSite\",\"@id\":\"https:\/\/milenapagliacci.com\/#website\",\"url\":\"https:\/\/milenapagliacci.com\/\",\"name\":\"Meu site\",\"description\":\"Milena Pagliacci\",\"potentialAction\":[{\"@type\":\"SearchAction\",\"target\":{\"@type\":\"EntryPoint\",\"urlTemplate\":\"https:\/\/milenapagliacci.com\/?s={search_term_string}\"},\"query-input\":{\"@type\":\"PropertyValueSpecification\",\"valueRequired\":true,\"valueName\":\"search_term_string\"}}],\"inLanguage\":\"en-US\"}]}<\/script>\n<!-- \/ Yoast SEO plugin. -->","yoast_head_json":{"title":"Ilustra\u00e7\u00f5es 200 - Meu site","robots":{"index":"index","follow":"follow","max-snippet":"max-snippet:-1","max-image-preview":"max-image-preview:large","max-video-preview":"max-video-preview:-1"},"canonical":"https:\/\/milenapagliacci.com\/index.php\/ilustracoes-200\/","og_locale":"en_US","og_type":"article","og_title":"Ilustra\u00e7\u00f5es 200 - Meu site","og_description":"Ilustra\u00e7\u00f5es","og_url":"https:\/\/milenapagliacci.com\/index.php\/ilustracoes-200\/","og_site_name":"Meu site","article_modified_time":"2024-11-12T13:24:53+00:00","twitter_card":"summary_large_image","twitter_misc":{"Est. reading time":"1 minute"},"schema":{"@context":"https:\/\/schema.org","@graph":[{"@type":"WebPage","@id":"https:\/\/milenapagliacci.com\/index.php\/ilustracoes-200\/","url":"https:\/\/milenapagliacci.com\/index.php\/ilustracoes-200\/","name":"Ilustra\u00e7\u00f5es 200 - Meu site","isPartOf":{"@id":"https:\/\/milenapagliacci.com\/#website"},"datePublished":"2024-06-11T21:16:14+00:00","dateModified":"2024-11-12T13:24:53+00:00","breadcrumb":{"@id":"https:\/\/milenapagliacci.com\/index.php\/ilustracoes-200\/#breadcrumb"},"inLanguage":"en-US","potentialAction":[{"@type":"ReadAction","target":["https:\/\/milenapagliacci.com\/index.php\/ilustracoes-200\/"]}]},{"@type":"BreadcrumbList","@id":"https:\/\/milenapagliacci.com\/index.php\/ilustracoes-200\/#breadcrumb","itemListElement":[{"@type":"ListItem","position":1,"name":"In\u00edcio","item":"https:\/\/milenapagliacci.com\/"},{"@type":"ListItem","position":2,"name":"Ilustra\u00e7\u00f5es 200"}]},{"@type":"WebSite","@id":"https:\/\/milenapagliacci.com\/#website","url":"https:\/\/milenapagliacci.com\/","name":"Meu site","description":"Milena Pagliacci","potentialAction":[{"@type":"SearchAction","target":{"@type":"EntryPoint","urlTemplate":"https:\/\/milenapagliacci.com\/?s={search_term_string}"},"query-input":{"@type":"PropertyValueSpecification","valueRequired":true,"valueName":"search_term_string"}}],"inLanguage":"en-US"}]}},"_links":{"self":[{"href":"https:\/\/milenapagliacci.com\/index.php\/wp-json\/wp\/v2\/pages\/135","targetHints":{"allow":["GET"]}}],"collection":[{"href":"https:\/\/milenapagliacci.com\/index.php\/wp-json\/wp\/v2\/pages"}],"about":[{"href":"https:\/\/milenapagliacci.com\/index.php\/wp-json\/wp\/v2\/types\/page"}],"author":[{"embeddable":true,"href":"https:\/\/milenapagliacci.com\/index.php\/wp-json\/wp\/v2\/users\/1"}],"replies":[{"embeddable":true,"href":"https:\/\/milenapagliacci.com\/index.php\/wp-json\/wp\/v2\/comments?post=135"}],"version-history":[{"count":0,"href":"https:\/\/milenapagliacci.com\/index.php\/wp-json\/wp\/v2\/pages\/135\/revisions"}],"wp:attachment":[{"href":"https:\/\/milenapagliacci.com\/index.php\/wp-json\/wp\/v2\/media?parent=135"}],"curies":[{"name":"wp","href":"https:\/\/api.w.org\/{rel}","templated":true}]}}